{"id":8,"date":"2014-10-21T16:53:36","date_gmt":"2014-10-21T16:53:36","guid":{"rendered":"https:\/\/nicolasrmunoz.com\/about-us\/"},"modified":"2020-03-15T23:24:41","modified_gmt":"2020-03-15T17:24:41","slug":"about-us","status":"publish","type":"page","link":"https:\/\/nicolasrmunoz.com\/?page_id=8","title":{"rendered":"Sobre Nicol\u00e1s R. Mu\u00f1oz"},"content":{"rendered":"<p style=\"text-align: left;\">\n<\/p><p><strong><a href=\"https:\/\/nicolasrmunoz.com\/wp-content\/uploads\/2020\/03\/image-4.png\"><img fetchpriority=\"high\" decoding=\"async\" class=\"size-medium wp-image-891 alignleft\" src=\"https:\/\/nicolasrmunoz.com\/wp-content\/uploads\/2020\/03\/image-4-300x200.png\" alt=\"\" width=\"300\" height=\"200\" srcset=\"https:\/\/nicolasrmunoz.com\/wp-content\/uploads\/2020\/03\/image-4-300x200.png 300w, https:\/\/nicolasrmunoz.com\/wp-content\/uploads\/2020\/03\/image-4-768x512.png 768w, https:\/\/nicolasrmunoz.com\/wp-content\/uploads\/2020\/03\/image-4.png 960w\" sizes=\"(max-width: 300px) 100vw, 300px\" \/><\/a>Nicol\u00e1s Ricardo Mu\u00f1oz Pes\u00e1ntez<\/strong><\/p>\n<p>Mi prop\u00f3sito en la vida es ser un impacto positivo en la vida de los dem\u00e1s y mediante mi profesi\u00f3n trato de enfocarme en apoyar a emprendedores y empresarios en dos temas principales:<\/p>\n<ol>\n<li>Que emprendan empresas con prop\u00f3sito.<\/li>\n<li>Que sean empresas que vendan bien y creen muchas fuentes de empleo.<\/li>\n<\/ol>\n<p><span style=\"font-size: inherit;\">Este prop\u00f3sito lo cumplo mediante el servicio personalizado, sin embargo, este suele ser costoso para una micro o peque\u00f1a empresa, por eso he desarrollado ULPIK, un sistema online que mediante inteligencia artificial ha sistematizado los principales requerimientos de emprendedores para que puedan acceder a asesor\u00eda personalizada a una mejor tarifa.<\/span><\/p>\n<p>Tambi\u00e9n me encanta dar conferencias.&nbsp;<\/p>\n\n\n<div class=\"wp-block-button aligncenter\"><a class=\"wp-block-button__link\" href=\"https:\/\/nicolasrmunoz.com\/?page_id=4\">Contacto para citas<\/a><\/div>\n\n\n\n<div class=\"wp-block-button aligncenter\"><a class=\"wp-block-button__link\" href=\"https:\/\/nicolasrmunoz.com\/?page_id=463\">M\u00e1s info sobre Ulpik<\/a><\/div>\n\n\n\n<p><strong>Algunas cuestiones que he realizado:<\/strong><\/p>\n\n\n\n<p><strong>Preparaci\u00f3n Acad\u00e9mica:<\/strong><\/p>\n\n\n\n<ul class=\"wp-block-list\"><li>Universidad del Azuay, Abogado en los Tribunales de la Rep\u00fablica<\/li><li>Universidad Interamericana \/ Universidad Europea del Atl\u00e1ntico, Egresado Especializaci\u00f3n en Habilidades Directivas<\/li><li>Rich Dad Coaching, Professional Education Institute, Inc, Coaching en Negocios e Inversiones<\/li><li>Universidad de Cuenca, Maestr\u00eda en Derecho Penal<\/li><\/ul>\n\n\n\n<p><strong>Cargos Ocupados:<\/strong><\/p>\n\n\n\n<p><\/p>\n\n\n\n<ul class=\"wp-block-list\"><li>Vicepresidente regional de la Aso. de J\u00f3venes Empresarios del Ecuador (2019 a 2021)<\/li><li>Secretario de comunicaci\u00f3n de la Federaci\u00f3n Iberoamericana de J\u00f3venes Empresarios FIJE (2019 a 2021)<\/li><li>Presidente de la Aso. de J\u00f3venes Empresarios de Cuenca (2019 a 2021)<\/li><li>Asesor Jur\u00eddico de la C\u00e1mara de Comercio de Cuenca (2014 a 2019)<\/li><li>Abogado Externo del Club Deportivo Cuenca (2015 a la actualidad)<\/li><li>Secretario del Directorio de la C\u00e1mara de Comercio de Cuenca (2014 a 2019)<\/li><li>Secretario del Directorio del Club Deportivo Cuenca (2015 a 2017)<\/li><li>Secretario del Directorio de la Corporaci\u00f3n de Fomento Productivo, Inversi\u00f3n y Atracci\u00f3n de Inversiones ACUDEC (2015 a 2018)<\/li><li>Miembro del Directorio del Centro de Arbitraje y Mediaci\u00f3n de la Asociaci\u00f3n de las C\u00e1maras de la Producci\u00f3n del Azuay (2014 a 2019)<\/li><li>Miembro del Comit\u00e9 Ejecutivo del Comit\u00e9 Permanente de Festejos de la M.I. Municipalidad de Cuenca (2014 a 2018)<\/li><li>Presidente de la Federaci\u00f3n de Estudiantes de la Universidad del Azuay (2012-2013)<\/li><li>Miembro del H. Consejo Universitario de la Universidad del Azuay (2012-2013)<\/li><li>Presidente de la Facultad de Ciencias Jur\u00eddicas de la Universidad del Azuay (2011-2012)<\/li><li>Miembro de la Junta Acad\u00e9mica de la Escuela de Derecho de la Universidad del Azuay (2011-2012)<\/li><li>Secretario Ejecutivo de la Federaci\u00f3n de Estudiantes de la Universidad del Azuay (2010-2011)<\/li><li>Presidente del Colegio Rafael Borja (2007-2008)<\/li><\/ul>\n\n\n\n<p><strong>Reconocimientos:<\/strong><\/p>\n\n\n\n<ul class=\"wp-block-list\"><li>Estudiante Designado para dar el discurso de graduaci\u00f3n de la carrera de Derecho de la Universidad del Azuay (2014)<\/li><li>Mejor delegaci\u00f3n representando a los Estados Unidos de Am\u00e9rica en el Modelo de las Naciones Unidas de la Pontifica Universidad Cat\u00f3lica de Quito MUNLEAI 7 (2013)<\/li><li>Mejor delegaci\u00f3n representando a los Estados Unidos de Am\u00e9rica en el Modelo de las Naciones Unidas de la Universidad de las Am\u00e9ricas MUNUDLA (2013)<\/li><li>Menci\u00f3n de honor por opini\u00f3n consultiva jur\u00eddica ante la Corte Internacional de Justicia sobre el conflicto entre Corea del Norte y Corea del Sur en el MUNLEAI 7 (2013)<\/li><li>Menci\u00f3n de honor en el Comit\u00e9 de Derechos Humanos representando a los Estados Unidos de Norteam\u00e9rica en el en el Modelo de las Naciones Unidas de la Universidad de las Am\u00e9ricas MUNUDLA (2013)<\/li><li>Menci\u00f3n de honor en el Comit\u00e9 de Derechos Humanos representando al Gobierno de Francia en el en el Modelo de la Pontifica Universidad Cat\u00f3lica de Quito MUNLEAI 7 (2013)<\/li><li>Menci\u00f3n de honor en el Comit\u00e9 de Derechos Humanos del Modelo de las Naciones Unidas de la Universidad de las Am\u00e9ricas MUNUDLA (2013)<\/li><li>Menci\u00f3n de honor en el Comit\u00e9 de la Organizaci\u00f3n Mundial de la Salud representando al Gobierno de los Pa\u00edses Bajos en el Modelo de las Naciones Unidas de la Universidad Javeriana de Cali COLMUN (2012)<\/li><li>Menci\u00f3n de honor en el Comit\u00e9 de Derechos Humanos representando al Gobierno de Francia en el Modelo de las Naciones Unidas de la Pontificia Universidad Cat\u00f3lica de Quito (2011)<\/li><li>Mejor delegado del Comit\u00e9 de Derechos Humanos representando a Pa\u00edses Bajos en el Modelo de las Naciones Unidas de la Universidad del Azuay UDAMUN (2010)<\/li><li>Ganador del Taller de Litigaci\u00f3n Penal Oral organizado por la American Bar Association (2010)<\/li><li>Segundo lugar en el Concurso Interno de Oratoria del Colegio Borja (2005)<\/li><li>Tercer lugar en el Concurso Interno de Oratoria del Colegio Borja (2004)<\/li><li>Primer Escolta del Pabell\u00f3n Nacional de la Escuela Borja (2002)<\/li><\/ul>\n\n\n\n<p><strong>Etiquetas:<\/strong> Abogado; Cuenca; Ecuador; Derecho Corporativo, Derecho Penal, Litigios, Propiedad Intelectual.<\/p>\n","protected":false},"excerpt":{"rendered":"<p>Nicol\u00e1s Ricardo Mu\u00f1oz Pes\u00e1ntez Mi prop\u00f3sito en la vida es ser un impacto positivo en la vida de los dem\u00e1s y mediante mi profesi\u00f3n trato de enfocarme en apoyar a emprendedores y empresarios en dos temas principales: Que emprendan empresas con prop\u00f3sito. Que sean empresas que vendan bien y creen&#8230;<\/p>\n","protected":false},"author":1,"featured_media":0,"parent":0,"menu_order":40,"comment_status":"closed","ping_status":"closed","template":"template-fullwidth.php","meta":{"footnotes":""},"class_list":["post-8","page","type-page","status-publish","hentry"],"yoast_head":"<!-- This site is optimized with the Yoast SEO plugin v27.4 - https:\/\/yoast.com\/product\/yoast-seo-wordpress\/ -->\n<title>Sobre Nicol\u00e1s R. Mu\u00f1oz &#8212; NRM<\/title>\n<meta name=\"robots\" content=\"index, follow, max-snippet:-1, max-image-preview:large, max-video-preview:-1\" \/>\n<link rel=\"canonical\" href=\"https:\/\/nicolasrmunoz.com\/?page_id=8\" \/>\n<meta property=\"og:locale\" content=\"es_ES\" \/>\n<meta property=\"og:type\" content=\"article\" \/>\n<meta property=\"og:title\" content=\"Sobre Nicol\u00e1s R. Mu\u00f1oz &#8212; NRM\" \/>\n<meta property=\"og:description\" content=\"Nicol\u00e1s Ricardo Mu\u00f1oz Pes\u00e1ntez Mi prop\u00f3sito en la vida es ser un impacto positivo en la vida de los dem\u00e1s y mediante mi profesi\u00f3n trato de enfocarme en apoyar a emprendedores y empresarios en dos temas principales: Que emprendan empresas con prop\u00f3sito. Que sean empresas que vendan bien y creen...\" \/>\n<meta property=\"og:url\" content=\"https:\/\/nicolasrmunoz.com\/?page_id=8\" \/>\n<meta property=\"og:site_name\" content=\"NRM\" \/>\n<meta property=\"article:publisher\" content=\"https:\/\/www.facebook.com\/nicolasrmunoz\/?fref=ts\" \/>\n<meta property=\"article:modified_time\" content=\"2020-03-15T17:24:41+00:00\" \/>\n<meta property=\"og:image\" content=\"https:\/\/nicolasrmunoz.com\/wp-content\/uploads\/2020\/03\/image-4.png\" \/>\n\t<meta property=\"og:image:width\" content=\"960\" \/>\n\t<meta property=\"og:image:height\" content=\"640\" \/>\n\t<meta property=\"og:image:type\" content=\"image\/png\" \/>\n<meta name=\"twitter:card\" content=\"summary_large_image\" \/>\n<meta name=\"twitter:site\" content=\"@nicolasrmunoz\" \/>\n<meta name=\"twitter:label1\" content=\"Tiempo de lectura\" \/>\n\t<meta name=\"twitter:data1\" content=\"4 minutos\" \/>\n<script type=\"application\/ld+json\" class=\"yoast-schema-graph\">{\"@context\":\"https:\\\/\\\/schema.org\",\"@graph\":[{\"@type\":\"WebPage\",\"@id\":\"https:\\\/\\\/nicolasrmunoz.com\\\/?page_id=8\",\"url\":\"https:\\\/\\\/nicolasrmunoz.com\\\/?page_id=8\",\"name\":\"Sobre Nicol\u00e1s R. Mu\u00f1oz &#8212; NRM\",\"isPartOf\":{\"@id\":\"https:\\\/\\\/nicolasrmunoz.com\\\/#website\"},\"primaryImageOfPage\":{\"@id\":\"https:\\\/\\\/nicolasrmunoz.com\\\/?page_id=8#primaryimage\"},\"image\":{\"@id\":\"https:\\\/\\\/nicolasrmunoz.com\\\/?page_id=8#primaryimage\"},\"thumbnailUrl\":\"https:\\\/\\\/nicolasrmunoz.com\\\/wp-content\\\/uploads\\\/2020\\\/03\\\/image-4-300x200.png\",\"datePublished\":\"2014-10-21T16:53:36+00:00\",\"dateModified\":\"2020-03-15T17:24:41+00:00\",\"breadcrumb\":{\"@id\":\"https:\\\/\\\/nicolasrmunoz.com\\\/?page_id=8#breadcrumb\"},\"inLanguage\":\"es\",\"potentialAction\":[{\"@type\":\"ReadAction\",\"target\":[\"https:\\\/\\\/nicolasrmunoz.com\\\/?page_id=8\"]}]},{\"@type\":\"ImageObject\",\"inLanguage\":\"es\",\"@id\":\"https:\\\/\\\/nicolasrmunoz.com\\\/?page_id=8#primaryimage\",\"url\":\"https:\\\/\\\/nicolasrmunoz.com\\\/wp-content\\\/uploads\\\/2020\\\/03\\\/image-4.png\",\"contentUrl\":\"https:\\\/\\\/nicolasrmunoz.com\\\/wp-content\\\/uploads\\\/2020\\\/03\\\/image-4.png\",\"width\":960,\"height\":640},{\"@type\":\"BreadcrumbList\",\"@id\":\"https:\\\/\\\/nicolasrmunoz.com\\\/?page_id=8#breadcrumb\",\"itemListElement\":[{\"@type\":\"ListItem\",\"position\":1,\"name\":\"Portada\",\"item\":\"https:\\\/\\\/nicolasrmunoz.com\\\/\"},{\"@type\":\"ListItem\",\"position\":2,\"name\":\"Sobre Nicol\u00e1s R. Mu\u00f1oz\"}]},{\"@type\":\"WebSite\",\"@id\":\"https:\\\/\\\/nicolasrmunoz.com\\\/#website\",\"url\":\"https:\\\/\\\/nicolasrmunoz.com\\\/\",\"name\":\"NRM\",\"description\":\"Abogado empresarial\",\"potentialAction\":[{\"@type\":\"SearchAction\",\"target\":{\"@type\":\"EntryPoint\",\"urlTemplate\":\"https:\\\/\\\/nicolasrmunoz.com\\\/?s={search_term_string}\"},\"query-input\":{\"@type\":\"PropertyValueSpecification\",\"valueRequired\":true,\"valueName\":\"search_term_string\"}}],\"inLanguage\":\"es\"}]}<\/script>\n<!-- \/ Yoast SEO plugin. -->","yoast_head_json":{"title":"Sobre Nicol\u00e1s R. Mu\u00f1oz &#8212; NRM","robots":{"index":"index","follow":"follow","max-snippet":"max-snippet:-1","max-image-preview":"max-image-preview:large","max-video-preview":"max-video-preview:-1"},"canonical":"https:\/\/nicolasrmunoz.com\/?page_id=8","og_locale":"es_ES","og_type":"article","og_title":"Sobre Nicol\u00e1s R. Mu\u00f1oz &#8212; NRM","og_description":"Nicol\u00e1s Ricardo Mu\u00f1oz Pes\u00e1ntez Mi prop\u00f3sito en la vida es ser un impacto positivo en la vida de los dem\u00e1s y mediante mi profesi\u00f3n trato de enfocarme en apoyar a emprendedores y empresarios en dos temas principales: Que emprendan empresas con prop\u00f3sito. Que sean empresas que vendan bien y creen...","og_url":"https:\/\/nicolasrmunoz.com\/?page_id=8","og_site_name":"NRM","article_publisher":"https:\/\/www.facebook.com\/nicolasrmunoz\/?fref=ts","article_modified_time":"2020-03-15T17:24:41+00:00","og_image":[{"width":960,"height":640,"url":"https:\/\/nicolasrmunoz.com\/wp-content\/uploads\/2020\/03\/image-4.png","type":"image\/png"}],"twitter_card":"summary_large_image","twitter_site":"@nicolasrmunoz","twitter_misc":{"Tiempo de lectura":"4 minutos"},"schema":{"@context":"https:\/\/schema.org","@graph":[{"@type":"WebPage","@id":"https:\/\/nicolasrmunoz.com\/?page_id=8","url":"https:\/\/nicolasrmunoz.com\/?page_id=8","name":"Sobre Nicol\u00e1s R. Mu\u00f1oz &#8212; NRM","isPartOf":{"@id":"https:\/\/nicolasrmunoz.com\/#website"},"primaryImageOfPage":{"@id":"https:\/\/nicolasrmunoz.com\/?page_id=8#primaryimage"},"image":{"@id":"https:\/\/nicolasrmunoz.com\/?page_id=8#primaryimage"},"thumbnailUrl":"https:\/\/nicolasrmunoz.com\/wp-content\/uploads\/2020\/03\/image-4-300x200.png","datePublished":"2014-10-21T16:53:36+00:00","dateModified":"2020-03-15T17:24:41+00:00","breadcrumb":{"@id":"https:\/\/nicolasrmunoz.com\/?page_id=8#breadcrumb"},"inLanguage":"es","potentialAction":[{"@type":"ReadAction","target":["https:\/\/nicolasrmunoz.com\/?page_id=8"]}]},{"@type":"ImageObject","inLanguage":"es","@id":"https:\/\/nicolasrmunoz.com\/?page_id=8#primaryimage","url":"https:\/\/nicolasrmunoz.com\/wp-content\/uploads\/2020\/03\/image-4.png","contentUrl":"https:\/\/nicolasrmunoz.com\/wp-content\/uploads\/2020\/03\/image-4.png","width":960,"height":640},{"@type":"BreadcrumbList","@id":"https:\/\/nicolasrmunoz.com\/?page_id=8#breadcrumb","itemListElement":[{"@type":"ListItem","position":1,"name":"Portada","item":"https:\/\/nicolasrmunoz.com\/"},{"@type":"ListItem","position":2,"name":"Sobre Nicol\u00e1s R. Mu\u00f1oz"}]},{"@type":"WebSite","@id":"https:\/\/nicolasrmunoz.com\/#website","url":"https:\/\/nicolasrmunoz.com\/","name":"NRM","description":"Abogado empresarial","potentialAction":[{"@type":"SearchAction","target":{"@type":"EntryPoint","urlTemplate":"https:\/\/nicolasrmunoz.com\/?s={search_term_string}"},"query-input":{"@type":"PropertyValueSpecification","valueRequired":true,"valueName":"search_term_string"}}],"inLanguage":"es"}]}},"_links":{"self":[{"href":"https:\/\/nicolasrmunoz.com\/index.php?rest_route=\/wp\/v2\/pages\/8","targetHints":{"allow":["GET"]}}],"collection":[{"href":"https:\/\/nicolasrmunoz.com\/index.php?rest_route=\/wp\/v2\/pages"}],"about":[{"href":"https:\/\/nicolasrmunoz.com\/index.php?rest_route=\/wp\/v2\/types\/page"}],"author":[{"embeddable":true,"href":"https:\/\/nicolasrmunoz.com\/index.php?rest_route=\/wp\/v2\/users\/1"}],"replies":[{"embeddable":true,"href":"https:\/\/nicolasrmunoz.com\/index.php?rest_route=%2Fwp%2Fv2%2Fcomments&post=8"}],"version-history":[{"count":19,"href":"https:\/\/nicolasrmunoz.com\/index.php?rest_route=\/wp\/v2\/pages\/8\/revisions"}],"predecessor-version":[{"id":1073,"href":"https:\/\/nicolasrmunoz.com\/index.php?rest_route=\/wp\/v2\/pages\/8\/revisions\/1073"}],"wp:attachment":[{"href":"https:\/\/nicolasrmunoz.com\/index.php?rest_route=%2Fwp%2Fv2%2Fmedia&parent=8"}],"curies":[{"name":"wp","href":"https:\/\/api.w.org\/{rel}","templated":true}]}}